{"id":1488,"date":"2022-03-04T03:42:59","date_gmt":"2022-03-04T03:42:59","guid":{"rendered":"http:\/\/elearnika.com\/index.php\/home\/"},"modified":"2025-09-18T17:40:51","modified_gmt":"2025-09-18T17:40:51","slug":"home","status":"publish","type":"page","link":"https:\/\/elearnika.com\/","title":{"rendered":"Inicio"},"content":{"rendered":"\n<div class=\"wp-block-uagb-container uagb-block-4faf3ce7 alignfull uagb-is-root-container\"><div class=\"uagb-container-inner-blocks-wrap\">\n<div class=\"wp-block-uagb-container uagb-block-a3f0bac5\">\n<div class=\"wp-block-uagb-info-box uagb-block-c8f934d2 uagb-infobox__content-wrap  uagb-infobox-icon-above-title uagb-infobox-image-valign-top\"><div class=\"uagb-ifb-content\"><div class=\"uagb-ifb-title-wrap\"><span class=\"uagb-ifb-title-prefix\">Actividades de aprendizaje y asesoramiento<\/span><h1 class=\"uagb-ifb-title\">\u00a1Capac\u00edtate con los mejores!\u200b<\/h1><\/div><p class=\"uagb-ifb-desc\">Capacitaci\u00f3n empresarial, Formaci\u00f3n l\u00fadica, Asesor\u00eda acad\u00e9mica, Transformaci\u00f3n digital, Asesor\u00edas de Startup, Coaching and Mentoring, Direcci\u00f3n Estrat\u00e9gica para Proyectos.<\/p><div class=\"uagb-ifb-button-wrapper wp-block-button\"><a href=\"https:\/\/wa.me\/593980953141\/?text=Bienvenidos\" class=\"uagb-infobox-cta-link wp-block-button__link\" target=\"_blank\" rel=\"noopener noreferrer\" onclick=\"return true;\" alt=\"\"><span class=\"uagb-inline-editing\">CONT\u00c1CTANOS<\/span><svg xmlns=\"https:\/\/www.w3.org\/2000\/svg\" viewBox=\"0 0 448 512\"><path d=\"M380.9 97.1C339 55.1 283.2 32 223.9 32c-122.4 0-222 99.6-222 222 0 39.1 10.2 77.3 29.6 111L0 480l117.7-30.9c32.4 17.7 68.9 27 106.1 27h.1c122.3 0 224.1-99.6 224.1-222 0-59.3-25.2-115-67.1-157zm-157 341.6c-33.2 0-65.7-8.9-94-25.7l-6.7-4-69.8 18.3L72 359.2l-4.4-7c-18.5-29.4-28.2-63.3-28.2-98.2 0-101.7 82.8-184.5 184.6-184.5 49.3 0 95.6 19.2 130.4 54.1 34.8 34.9 56.2 81.2 56.1 130.5 0 101.8-84.9 184.6-186.6 184.6zm101.2-138.2c-5.5-2.8-32.8-16.2-37.9-18-5.1-1.9-8.8-2.8-12.5 2.8-3.7 5.6-14.3 18-17.6 21.8-3.2 3.7-6.5 4.2-12 1.4-32.6-16.3-54-29.1-75.5-66-5.7-9.8 5.7-9.1 16.3-30.3 1.8-3.7 .9-6.9-.5-9.7-1.4-2.8-12.5-30.1-17.1-41.2-4.5-10.8-9.1-9.3-12.5-9.5-3.2-.2-6.9-.2-10.6-.2-3.7 0-9.7 1.4-14.8 6.9-5.1 5.6-19.4 19-19.4 46.3 0 27.3 19.9 53.7 22.6 57.4 2.8 3.7 39.1 59.7 94.8 83.8 35.2 15.2 49 16.5 66.6 13.9 10.7-1.6 32.8-13.4 37.4-26.4 4.6-13 4.6-24.1 3.2-26.4-1.3-2.5-5-3.9-10.5-6.6z\"><\/path><\/svg><\/a><\/div><\/div><\/div>\n<\/div>\n\n\n\n<div class=\"wp-block-uagb-container uagb-block-a9f6d9d2\"><\/div>\n<\/div><\/div>\n\n\n\n<div class=\"wp-block-uagb-container uagb-block-71cc3177 alignfull uagb-is-root-container\"><div class=\"uagb-container-inner-blocks-wrap\">\n<div class=\"wp-block-uagb-advanced-heading uagb-block-e07ca27f\"><h2 class=\"uagb-heading-text\">Nuestros servicios<\/h2><p class=\"uagb-desc-text\">Encuentra el servicio que se ajusta a tus necesidades y por lo dem\u00e1s nos encargamos nosotros<\/p><\/div>\n\n\n\n<div class=\"wp-block-uagb-container uagb-block-1d941d64\">\n<div class=\"wp-block-uagb-container uagb-block-a954806b\">\n<figure class=\"wp-block-image size-large\"><img decoding=\"async\" loading=\"lazy\" width=\"1024\" height=\"1024\" src=\"http:\/\/elearnika.com\/wp-content\/uploads\/2024\/03\/Elearnika-1-1024x1024.png\" alt=\"\" class=\"wp-image-2601\" srcset=\"https:\/\/elearnika.com\/wp-content\/uploads\/2024\/03\/Elearnika-1-1024x1024.png 1024w, https:\/\/elearnika.com\/wp-content\/uploads\/2024\/03\/Elearnika-1-300x300.png 300w, https:\/\/elearnika.com\/wp-content\/uploads\/2024\/03\/Elearnika-1-150x150.png 150w, https:\/\/elearnika.com\/wp-content\/uploads\/2024\/03\/Elearnika-1-768x768.png 768w, https:\/\/elearnika.com\/wp-content\/uploads\/2024\/03\/Elearnika-1.png 1080w\" sizes=\"(max-width: 1024px) 100vw, 1024px\" \/><\/figure>\n<\/div>\n\n\n\n<div class=\"wp-block-uagb-container uagb-block-5e069617\">\n<div class=\"wp-block-uagb-image uagb-block-40ccab85 wp-block-uagb-image--layout-default wp-block-uagb-image--effect-static wp-block-uagb-image--align-none\"><figure class=\"wp-block-uagb-image__figure\"><img decoding=\"async\" srcset=\"https:\/\/elearnika.com\/wp-content\/uploads\/2024\/03\/Elearnika-1-1-1024x1024.png \" sizes=\"(max-width: 480px) 150px\" src=\"https:\/\/elearnika.com\/wp-content\/uploads\/2024\/03\/Elearnika-1-1-1024x1024.png\" alt=\"\" class=\"uag-image-2602\" width=\"1024\" height=\"1024\" title=\"\" loading=\"lazy\"\/><\/figure><\/div>\n<\/div>\n\n\n\n<div class=\"wp-block-uagb-container uagb-block-1e3c8283\">\n<div class=\"wp-block-uagb-image uagb-block-875c1329 wp-block-uagb-image--layout-default wp-block-uagb-image--effect-static wp-block-uagb-image--align-none\"><figure class=\"wp-block-uagb-image__figure\"><img decoding=\"async\" srcset=\"https:\/\/elearnika.com\/wp-content\/uploads\/2024\/03\/Elearnika-1-2-1024x1024.png \" sizes=\"(max-width: 480px) 150px\" src=\"https:\/\/elearnika.com\/wp-content\/uploads\/2024\/03\/Elearnika-1-2-1024x1024.png\" alt=\"\" class=\"uag-image-2603\" width=\"625\" height=\"625\" title=\"\" loading=\"lazy\"\/><\/figure><\/div>\n<\/div>\n\n\n\n<div class=\"wp-block-uagb-container uagb-block-fe6f8942\">\n<div class=\"wp-block-uagb-image uagb-block-d6138cf9 wp-block-uagb-image--layout-default wp-block-uagb-image--effect-static wp-block-uagb-image--align-none\"><figure class=\"wp-block-uagb-image__figure\"><img decoding=\"async\" srcset=\"https:\/\/elearnika.com\/wp-content\/uploads\/2024\/03\/Elearnika-1-3-1024x1024.png \" sizes=\"(max-width: 480px) 150px\" src=\"https:\/\/elearnika.com\/wp-content\/uploads\/2024\/03\/Elearnika-1-3-1024x1024.png\" alt=\"\" class=\"uag-image-2604\" width=\"625\" height=\"625\" title=\"\" loading=\"lazy\"\/><\/figure><\/div>\n<\/div>\n<\/div>\n\n\n\n<div class=\"wp-block-uagb-buttons uagb-buttons__outer-wrap uagb-btn__default-btn uagb-btn-tablet__default-btn uagb-btn-mobile__default-btn uagb-block-8c81b64f\"><div class=\"uagb-buttons__wrap uagb-buttons-layout-wrap\">\n<div class=\"wp-block-uagb-buttons-child uagb-buttons__outer-wrap uagb-block-911fb1de wp-block-button\"><div class=\"uagb-button__wrapper\"><a class=\"uagb-buttons-repeater wp-block-button__link\" href=\"https:\/\/elearnika.com\/index.php\/services\/\" onclick=\"return true;\" rel=\"follow noopener\" target=\"_self\"><div class=\"uagb-button__link\">EXPLORAr SERVICIOS<\/div><\/a><\/div><\/div>\n<\/div><\/div>\n\n\n\n<div class=\"wp-block-uagb-advanced-heading uagb-block-0d170ae3\"><h2 class=\"uagb-heading-text\">Nuestros clientes\u200b<\/h2><p class=\"uagb-desc-text\">Nos sentimos orgullosos de satisfacer a nuestros clientes y estamos agradecidos por la confianza brindada a nuestra empresa<\/p><\/div>\n\n\n\n<div class=\"wp-block-uagb-container uagb-block-57867af7\">\n<div class=\"wp-block-uagb-container uagb-block-46c1f843\">\n<div class=\"wp-block-uagb-image aligncenter uagb-block-c2156246 wp-block-uagb-image--layout-default wp-block-uagb-image--effect-static wp-block-uagb-image--align-center\"><figure class=\"wp-block-uagb-image__figure\"><img decoding=\"async\" srcset=\"https:\/\/elearnika.com\/wp-content\/uploads\/2022\/09\/logo-vertical-1024x853.png , http:\/\/elearnika.com\/wp-content\/uploads\/2021\/03\/logo-5.svg 360w\" sizes=\"(max-width: 480px) 150px\" src=\"https:\/\/elearnika.com\/wp-content\/uploads\/2022\/09\/logo-vertical-1024x853.png\" alt=\"\" class=\"uag-image-2439\" width=\"189\" height=\"145\" title=\"\" loading=\"lazy\"\/><\/figure><\/div>\n\n\n\n<div class=\"wp-block-uagb-image aligncenter uagb-block-252a7fc4 wp-block-uagb-image--layout-default wp-block-uagb-image--effect-static wp-block-uagb-image--align-center\"><figure class=\"wp-block-uagb-image__figure\"><img decoding=\"async\" srcset=\"https:\/\/elearnika.com\/wp-content\/uploads\/2024\/09\/logo-gad-mira-retina.png , http:\/\/elearnika.com\/wp-content\/uploads\/2021\/03\/logo-5.svg 360w\" sizes=\"(max-width: 480px) 150px\" src=\"https:\/\/elearnika.com\/wp-content\/uploads\/2024\/09\/logo-gad-mira-retina.png\" alt=\"\" class=\"uag-image-2634\" width=\"102\" height=\"160\" title=\"\" loading=\"lazy\"\/><\/figure><\/div>\n<\/div>\n\n\n\n<div class=\"wp-block-uagb-container uagb-block-0e82877b\">\n<div class=\"wp-block-uagb-image aligncenter uagb-block-20bcee79 wp-block-uagb-image--layout-default wp-block-uagb-image--effect-static wp-block-uagb-image--align-center\"><figure class=\"wp-block-uagb-image__figure\"><img decoding=\"async\" srcset=\"https:\/\/elearnika.com\/wp-content\/uploads\/2022\/09\/Chocofriz-Sin-Fondo-1024x493.png , http:\/\/elearnika.com\/wp-content\/uploads\/2021\/03\/logo-3.svg 360w\" sizes=\"(max-width: 480px) 150px\" src=\"https:\/\/elearnika.com\/wp-content\/uploads\/2022\/09\/Chocofriz-Sin-Fondo-1024x493.png\" alt=\"\" class=\"uag-image-2440\" width=\"274\" height=\"131\" title=\"\" loading=\"lazy\"\/><\/figure><\/div>\n\n\n\n<div class=\"wp-block-uagb-image aligncenter uagb-block-f0ad0606 wp-block-uagb-image--layout-default wp-block-uagb-image--effect-static wp-block-uagb-image--align-center\"><figure class=\"wp-block-uagb-image__figure\"><img decoding=\"async\" srcset=\"https:\/\/elearnika.com\/wp-content\/uploads\/2025\/09\/LOGO-COMSEGPRIM-rs-1024x1024.png , http:\/\/elearnika.com\/wp-content\/uploads\/2021\/03\/logo-3.svg 360w\" sizes=\"(max-width: 480px) 150px\" src=\"https:\/\/elearnika.com\/wp-content\/uploads\/2025\/09\/LOGO-COMSEGPRIM-rs-1024x1024.png\" alt=\"\" class=\"uag-image-2641\" width=\"1024\" height=\"1024\" title=\"\" loading=\"lazy\"\/><\/figure><\/div>\n<\/div>\n\n\n\n<div class=\"wp-block-uagb-container uagb-block-920bcb26\">\n<div class=\"wp-block-uagb-image aligncenter uagb-block-b6fd0f40 wp-block-uagb-image--layout-default wp-block-uagb-image--effect-static wp-block-uagb-image--align-center\"><figure class=\"wp-block-uagb-image__figure\"><img decoding=\"async\" srcset=\"https:\/\/elearnika.com\/wp-content\/uploads\/2022\/09\/LOGO-DELTA-JPG-TARJETA.jpg , http:\/\/elearnika.com\/wp-content\/uploads\/2021\/03\/logo-4.svg 360w\" sizes=\"(max-width: 480px) 150px\" src=\"https:\/\/elearnika.com\/wp-content\/uploads\/2022\/09\/LOGO-DELTA-JPG-TARJETA.jpg\" alt=\"\" class=\"uag-image-2441\" width=\"157\" height=\"137\" title=\"\" loading=\"lazy\"\/><\/figure><\/div>\n\n\n\n<div class=\"wp-block-uagb-image aligncenter uagb-block-89d302d8 wp-block-uagb-image--layout-default wp-block-uagb-image--effect-static wp-block-uagb-image--align-center\"><figure class=\"wp-block-uagb-image__figure\"><img decoding=\"async\" srcset=\"https:\/\/elearnika.com\/wp-content\/uploads\/2024\/09\/NUEVO-LOGO-ELEARNIKA.png , http:\/\/elearnika.com\/wp-content\/uploads\/2021\/03\/logo-4.svg 360w\" sizes=\"(max-width: 480px) 150px\" src=\"https:\/\/elearnika.com\/wp-content\/uploads\/2024\/09\/NUEVO-LOGO-ELEARNIKA.png\" alt=\"\" class=\"uag-image-2635\" width=\"329\" height=\"329\" title=\"\" loading=\"lazy\"\/><\/figure><\/div>\n<\/div>\n\n\n\n<div class=\"wp-block-uagb-container uagb-block-4f88e195\">\n<div class=\"wp-block-uagb-image aligncenter uagb-block-eb1ccaa1 wp-block-uagb-image--layout-default wp-block-uagb-image--effect-static wp-block-uagb-image--align-center\"><figure class=\"wp-block-uagb-image__figure\"><img decoding=\"async\" srcset=\"https:\/\/elearnika.com\/wp-content\/uploads\/2022\/09\/LOGO-privanorte2-1024x988.png , http:\/\/elearnika.com\/wp-content\/uploads\/2021\/03\/logo-2.svg 360w\" sizes=\"(max-width: 480px) 150px\" src=\"https:\/\/elearnika.com\/wp-content\/uploads\/2022\/09\/LOGO-privanorte2-1024x988.png\" alt=\"\" class=\"uag-image-2442\" width=\"149\" height=\"144\" title=\"\" loading=\"lazy\"\/><\/figure><\/div>\n\n\n\n<div class=\"wp-block-uagb-image aligncenter uagb-block-926ddda9 wp-block-uagb-image--layout-default wp-block-uagb-image--effect-static wp-block-uagb-image--align-center\"><figure class=\"wp-block-uagb-image__figure\"><img decoding=\"async\" srcset=\"https:\/\/elearnika.com\/wp-content\/uploads\/2024\/09\/NUEVO-LOGO-ELEARNIKA.png , http:\/\/elearnika.com\/wp-content\/uploads\/2021\/03\/logo-2.svg 360w\" sizes=\"(max-width: 480px) 150px\" src=\"https:\/\/elearnika.com\/wp-content\/uploads\/2024\/09\/NUEVO-LOGO-ELEARNIKA.png\" alt=\"\" class=\"uag-image-2635\" width=\"500\" height=\"500\" title=\"\" loading=\"lazy\"\/><\/figure><\/div>\n<\/div>\n<\/div>\n<\/div><\/div>\n\n\n\n<div class=\"wp-block-uagb-container uagb-block-88142be5 alignfull uagb-is-root-container\"><div class=\"uagb-container-inner-blocks-wrap\">\n<div class=\"wp-block-uagb-advanced-heading uagb-block-0414fefd\"><h3 class=\"uagb-heading-text\">\u00abBienvenidos a eLearnika\u00bb\u200b<\/h3><p class=\"uagb-desc-text\">Enfocados en el desarrollo de habilidades y destrezas, es creada eLearnika , buscamos brindar servicios de capacitaci\u00f3n, asesoramiento, con temas atractivos y de actualidad, contamos con un equipo de profesionales altamente calificados, comprometidos con brindar un excelente servicio.<\/p><\/div>\n\n\n\n<div class=\"wp-block-uagb-info-box uagb-block-6903f667 uagb-infobox__content-wrap  uagb-infobox-icon-above-title uagb-infobox-image-valign-top\"><div class=\"uagb-ifb-content\"><div class=\"uagb-ifb-image-content\"><img decoding=\"async\" src=\"http:\/\/elearnika.com\/wp-content\/uploads\/2022\/10\/0Y4A8611-scaled-e1667252980640.jpg\" alt=\"\" width=\"60\" height=\"56\" loading=\"lazy\"\/><\/div><div class=\"uagb-ifb-title-wrap\"><h3 class=\"uagb-ifb-title\"><strong>Marjuri \u00c1lvarez<\/strong><\/h3><\/div><p class=\"uagb-ifb-desc\">CEO, Elearnika SCC<\/p><\/div><\/div>\n<\/div><\/div>\n\n\n\n<div class=\"wp-block-uagb-container uagb-block-8dbef690 alignfull uagb-is-root-container\"><div class=\"uagb-container-inner-blocks-wrap\">\n<div class=\"wp-block-uagb-advanced-heading uagb-block-f7a9bb70\"><h2 class=\"uagb-heading-text\">Conoce a los fundadores<\/h2><p class=\"uagb-desc-text\">\u00abEl aprendizaje nunca agota la mente\u00bb &#8211; <strong>Leonardo da Vinci<\/strong><\/p><\/div>\n\n\n\n<div class=\"wp-block-uagb-container uagb-block-17af9802\">\n<div class=\"wp-block-uagb-container uagb-block-62c7595d\">\n<div class=\"wp-block-uagb-info-box uagb-block-95969101 uagb-infobox__content-wrap  uagb-infobox-icon-above-title uagb-infobox-image-valign-top\"><div class=\"uagb-ifb-content\"><div class=\"uagb-ifb-image-content\"><img decoding=\"async\" src=\"http:\/\/elearnika.com\/wp-content\/uploads\/2023\/02\/Yahaira.png\" alt=\"\" width=\"500\" height=\"500\" loading=\"lazy\"\/><\/div><div class=\"uagb-ifb-title-wrap\"><h4 class=\"uagb-ifb-title\">Yahaira Espinosa<\/h4><\/div><p class=\"uagb-ifb-desc\">Fundadora y CFO<\/p><\/div><\/div>\n<\/div>\n\n\n\n<div class=\"wp-block-uagb-container uagb-block-23ecfe94\">\n<div class=\"wp-block-uagb-info-box uagb-block-00d963ef uagb-infobox__content-wrap  uagb-infobox-icon-above-title uagb-infobox-image-valign-top\"><div class=\"uagb-ifb-content\"><div class=\"uagb-ifb-image-content\"><img decoding=\"async\" src=\"http:\/\/elearnika.com\/wp-content\/uploads\/2022\/11\/0Y4A8603-1-scaled-e1667407463873-1024x1024.jpg\" alt=\"\" width=\"500\" height=\"500\" loading=\"lazy\"\/><\/div><div class=\"uagb-ifb-title-wrap\"><h4 class=\"uagb-ifb-title\">Marjuri \u00c1lvarez<\/h4><\/div><p class=\"uagb-ifb-desc\">Fundadora y CEO<\/p><\/div><\/div>\n<\/div>\n\n\n\n<div class=\"wp-block-uagb-container uagb-block-e64d7254\">\n<div class=\"wp-block-uagb-info-box uagb-block-2441c45e uagb-infobox__content-wrap  uagb-infobox-icon-above-title uagb-infobox-image-valign-top\"><div class=\"uagb-ifb-content\"><div class=\"uagb-ifb-image-content\"><img decoding=\"async\" src=\"http:\/\/elearnika.com\/wp-content\/uploads\/2022\/10\/0Y4A8629-scaled-e1667252535881.jpg\" alt=\"\" width=\"500\" height=\"517\" loading=\"lazy\"\/><\/div><div class=\"uagb-ifb-title-wrap\"><h4 class=\"uagb-ifb-title\">Marcelo Y\u00e9pez Safady<\/h4><\/div><p class=\"uagb-ifb-desc\">Fundador y CMO<\/p><\/div><\/div>\n<\/div>\n<\/div>\n<\/div><\/div>\n\n\n\n<div class=\"wp-block-uagb-container uagb-block-382468ea alignfull uagb-is-root-container\"><div class=\"uagb-container-inner-blocks-wrap\">\n<div class=\"wp-block-uagb-container uagb-block-e3733b29\">\n<div class=\"wp-block-uagb-container uagb-block-5f6beaab\">\n<div class=\"wp-block-uagb-advanced-heading uagb-block-66d5f127\"><h3 class=\"uagb-heading-text\">\u00bfTe gustar\u00eda iniciar una capacitaci\u00f3n con nosotros?<\/h3><p class=\"uagb-desc-text\">Una capacitaci\u00f3n continua garantiza a los profesionales conocimientos de la actualidad que marcan la diferencia, obteniendo resultados de alto rendimiento en el \u00e1mbito laboral como tambi\u00e9n en incrementar su motivaci\u00f3n profesional.<\/p><\/div>\n<\/div>\n\n\n\n<div class=\"wp-block-uagb-container uagb-block-d0aeed6b\">\n<div class=\"wp-block-uagb-buttons uagb-buttons__outer-wrap uagb-btn__default-btn uagb-btn-tablet__default-btn uagb-btn-mobile__default-btn uagb-block-d0e0dbf5\"><div class=\"uagb-buttons__wrap uagb-buttons-layout-wrap\">\n<div class=\"wp-block-uagb-buttons-child uagb-buttons__outer-wrap uagb-block-c8dee45e wp-block-button\"><div class=\"uagb-button__wrapper\"><a class=\"uagb-buttons-repeater wp-block-button__link\" href=\"https:\/\/wa.me\/593980953141\/?text=Bienvenidos\" onclick=\"return true;\" rel=\"follow noopener\" target=\"_blank\"><div class=\"uagb-button__link\">(593) 98-095-3141<\/div><span class=\"uagb-button__icon uagb-button__icon-position-after\"><svg xmlns=\"https:\/\/www.w3.org\/2000\/svg\" viewBox=\"0 0 448 512\"><path d=\"M380.9 97.1C339 55.1 283.2 32 223.9 32c-122.4 0-222 99.6-222 222 0 39.1 10.2 77.3 29.6 111L0 480l117.7-30.9c32.4 17.7 68.9 27 106.1 27h.1c122.3 0 224.1-99.6 224.1-222 0-59.3-25.2-115-67.1-157zm-157 341.6c-33.2 0-65.7-8.9-94-25.7l-6.7-4-69.8 18.3L72 359.2l-4.4-7c-18.5-29.4-28.2-63.3-28.2-98.2 0-101.7 82.8-184.5 184.6-184.5 49.3 0 95.6 19.2 130.4 54.1 34.8 34.9 56.2 81.2 56.1 130.5 0 101.8-84.9 184.6-186.6 184.6zm101.2-138.2c-5.5-2.8-32.8-16.2-37.9-18-5.1-1.9-8.8-2.8-12.5 2.8-3.7 5.6-14.3 18-17.6 21.8-3.2 3.7-6.5 4.2-12 1.4-32.6-16.3-54-29.1-75.5-66-5.7-9.8 5.7-9.1 16.3-30.3 1.8-3.7 .9-6.9-.5-9.7-1.4-2.8-12.5-30.1-17.1-41.2-4.5-10.8-9.1-9.3-12.5-9.5-3.2-.2-6.9-.2-10.6-.2-3.7 0-9.7 1.4-14.8 6.9-5.1 5.6-19.4 19-19.4 46.3 0 27.3 19.9 53.7 22.6 57.4 2.8 3.7 39.1 59.7 94.8 83.8 35.2 15.2 49 16.5 66.6 13.9 10.7-1.6 32.8-13.4 37.4-26.4 4.6-13 4.6-24.1 3.2-26.4-1.3-2.5-5-3.9-10.5-6.6z\"><\/path><\/svg><\/span><\/a><\/div><\/div>\n<\/div><\/div>\n<\/div>\n<\/div>\n<\/div><\/div>\n","protected":false},"excerpt":{"rendered":"<p>Nuestros servicios Encuentra el servicio que se ajusta a tus necesidades y por lo dem\u00e1s nos encargamos nosotros Nuestros clientes\u200b Nos sentimos orgullosos de satisfacer a nuestros clientes y estamos agradecidos por la confianza brindada a nuestra empresa \u00abBienvenidos a eLearnika\u00bb\u200b Enfocados en el desarrollo de habilidades y destrezas, es creada eLearnika , buscamos brindar &hellip;<\/p>\n<p class=\"read-more\"> <a class=\"\" href=\"https:\/\/elearnika.com\/\"> <span class=\"screen-reader-text\">Inicio<\/span> Leer m\u00e1s &raquo;<\/a><\/p>\n","protected":false},"author":1,"featured_media":0,"parent":0,"menu_order":0,"comment_status":"closed","ping_status":"closed","template":"","meta":{"om_disable_all_campaigns":false,"_uag_custom_page_level_css":"","_mi_skip_tracking":false,"_monsterinsights_sitenote_active":false,"_monsterinsights_sitenote_note":"","_monsterinsights_sitenote_category":0,"site-sidebar-layout":"no-sidebar","site-content-layout":"page-builder","ast-site-content-layout":"full-width-container","site-content-style":"unboxed","site-sidebar-style":"unboxed","ast-global-header-display":"","ast-banner-title-visibility":"","ast-main-header-display":"","ast-hfb-above-header-display":"","ast-hfb-below-header-display":"","ast-hfb-mobile-header-display":"","site-post-title":"disabled","ast-breadcrumbs-content":"","ast-featured-img":"disabled","footer-sml-layout":"","theme-transparent-header-meta":"enabled","adv-header-id-meta":"","stick-header-meta":"","header-above-stick-meta":"","header-main-stick-meta":"","header-below-stick-meta":"","astra-migrate-meta-layouts":"set","footnotes":""},"aioseo_notices":[],"uagb_featured_image_src":{"full":false,"thumbnail":false,"medium":false,"medium_large":false,"large":false,"1536x1536":false,"2048x2048":false},"uagb_author_info":{"display_name":"elearnikadigital@gmail.com","author_link":"https:\/\/elearnika.com\/index.php\/author\/elearnikadigitalgmail-com\/"},"uagb_comment_info":0,"uagb_excerpt":"Nuestros servicios Encuentra el servicio que se ajusta a tus necesidades y por lo dem\u00e1s nos encargamos nosotros Nuestros clientes\u200b Nos sentimos orgullosos de satisfacer a nuestros clientes y estamos agradecidos por la confianza brindada a nuestra empresa \u00abBienvenidos a eLearnika\u00bb\u200b Enfocados en el desarrollo de habilidades y destrezas, es creada eLearnika , buscamos brindar&hellip;","_links":{"self":[{"href":"https:\/\/elearnika.com\/index.php\/wp-json\/wp\/v2\/pages\/1488"}],"collection":[{"href":"https:\/\/elearnika.com\/index.php\/wp-json\/wp\/v2\/pages"}],"about":[{"href":"https:\/\/elearnika.com\/index.php\/wp-json\/wp\/v2\/types\/page"}],"author":[{"embeddable":true,"href":"https:\/\/elearnika.com\/index.php\/wp-json\/wp\/v2\/users\/1"}],"replies":[{"embeddable":true,"href":"https:\/\/elearnika.com\/index.php\/wp-json\/wp\/v2\/comments?post=1488"}],"version-history":[{"count":55,"href":"https:\/\/elearnika.com\/index.php\/wp-json\/wp\/v2\/pages\/1488\/revisions"}],"predecessor-version":[{"id":2645,"href":"https:\/\/elearnika.com\/index.php\/wp-json\/wp\/v2\/pages\/1488\/revisions\/2645"}],"wp:attachment":[{"href":"https:\/\/elearnika.com\/index.php\/wp-json\/wp\/v2\/media?parent=1488"}],"curies":[{"name":"wp","href":"https:\/\/api.w.org\/{rel}","templated":true}]}}