{"id":1492,"date":"2022-03-04T03:44:30","date_gmt":"2022-03-04T03:44:30","guid":{"rendered":"http:\/\/elearnika.com\/index.php\/services\/"},"modified":"2024-09-18T15:57:42","modified_gmt":"2024-09-18T15:57:42","slug":"services","status":"publish","type":"page","link":"https:\/\/elearnika.com\/index.php\/services\/","title":{"rendered":"Servicios"},"content":{"rendered":"\n<div class=\"wp-block-uagb-container uagb-block-f94147bc alignfull uagb-is-root-container\"><div class=\"uagb-container-inner-blocks-wrap\">\n<div class=\"wp-block-uagb-info-box uagb-block-735ccf9d uagb-infobox__content-wrap  uagb-infobox-icon-above-title uagb-infobox-image-valign-top\"><div class=\"uagb-ifb-content\"><div class=\"uagb-ifb-title-wrap\"><span class=\"uagb-ifb-title-prefix\">Servicios<\/span><h4 class=\"uagb-ifb-title\">Brindamos una amplia gama de servicios\u200b<\/h4><\/div><p class=\"uagb-ifb-desc\">Capacitaci\u00f3n empresarial, Formaci\u00f3n l\u00fadica, Asesor\u00eda acad\u00e9mica, Transformaci\u00f3n digital, Asesor\u00edas de Startup, Coaching and Mentoring, Direcci\u00f3n Estrat\u00e9gica para Proyectos<\/p><\/div><\/div>\n<\/div><\/div>\n\n\n\n<div class=\"wp-block-uagb-container uagb-block-3733fcf4 alignfull uagb-is-root-container\"><div class=\"uagb-container-inner-blocks-wrap\">\n<div class=\"wp-block-uagb-container uagb-block-1018b509\">\n<div class=\"wp-block-uagb-advanced-heading uagb-block-d8ddf436\"><h2 class=\"uagb-heading-text\">\u00bfC\u00f3mo podemos ayudarte?\u200b<\/h2><p class=\"uagb-desc-text\">Cu\u00e9ntanos cuales son tus objetivos de aprendizaje y nosotros te asesoramos para brindarte el mejor servicio<\/p><\/div>\n<\/div>\n\n\n\n<div class=\"wp-block-uagb-container uagb-block-ef837239\">\n<div class=\"wp-block-uagb-container uagb-block-126f4c79\">\n<div class=\"wp-block-uagb-info-box uagb-block-539f6ba7 uagb-infobox__content-wrap  uagb-infobox-icon-above-title uagb-infobox-image-valign-top\"><div class=\"uagb-ifb-content\"><div class=\"uagb-ifb-icon-wrap\"><svg xmlns=\"https:\/\/www.w3.org\/2000\/svg\" viewBox=\"0 0 576 512\"><path d=\"M496.1 24.24C501.2 7.093 518.6-3.331 535.8 .9552C552.9 5.242 563.3 22.62 559 39.76L550.3 74.63C539.3 118.6 510.1 154.2 472 174.3V480C472 497.7 457.7 512 440 512C422.3 512 408 497.7 408 480V352H392V480C392 497.7 377.7 512 360 512C342.3 512 328 497.7 328 480V174.3C289.9 154.2 260.7 118.6 249.7 74.63L240.1 39.76C236.7 22.62 247.1 5.242 264.2 .9552C281.4-3.331 298.8 7.093 303 24.24L311.8 59.1C321.9 99.59 358.3 127.1 400 127.1C441.7 127.1 478.1 99.59 488.2 59.1L496.1 24.24zM352 47.1C352 21.49 373.5-.0006 400-.0006C426.5-.0006 448 21.49 448 47.1C448 74.51 426.5 95.1 400 95.1C373.5 95.1 352 74.51 352 47.1V47.1zM32.01 48C32.01 21.49 53.5 0 80.01 0C106.5 0 128 21.49 128 48C128 74.51 106.5 96 80.01 96C53.5 96 32.01 74.51 32.01 48V48zM104.7 128C132.1 128 157.6 142 172.2 165.1L209.6 224H240C257.7 224 272 238.3 272 256C272 273.7 257.7 288 240 288H192C181 288 170.9 282.4 164.1 273.1L152 252.7V480C152 497.7 137.7 512 120 512C102.3 512 88 497.7 88 480V352H72V480C72 497.7 57.68 512 40 512C22.33 512 8.005 497.7 8.005 480V288.6L8 287.1V191.1C8 156.7 36.65 127.1 72 127.1L104.7 128z\"><\/path><\/svg><\/div><div class=\"uagb-ifb-title-wrap\"><h4 class=\"uagb-ifb-title\"><strong>Coaching &amp; Mentoring<\/strong><\/h4><\/div><p class=\"uagb-ifb-desc\">Tenemos los mejores coach que pueden asesorarte y prepararte para cumplir con tus metas y mentores que te acompa\u00f1en para el desarrollo y superaci\u00f3n personal.<\/p><\/div><\/div>\n<\/div>\n\n\n\n<div class=\"wp-block-uagb-container uagb-block-7f27f519\">\n<div class=\"wp-block-uagb-info-box uagb-block-55074610 uagb-infobox__content-wrap  uagb-infobox-icon-above-title uagb-infobox-image-valign-top\"><div class=\"uagb-ifb-content\"><div class=\"uagb-ifb-icon-wrap\"><svg xmlns=\"https:\/\/www.w3.org\/2000\/svg\" viewBox=\"0 0 576 512\"><path d=\"M128 160C128 142.3 142.3 128 160 128H288C305.7 128 320 142.3 320 160V256C320 273.7 305.7 288 288 288H160C142.3 288 128 273.7 128 256V160zM288 320C323.3 320 352 291.3 352 256V224H416C433.7 224 448 238.3 448 256V352C448 369.7 433.7 384 416 384H288C270.3 384 256 369.7 256 352V320H288zM32 119.4C12.87 108.4 0 87.69 0 64C0 28.65 28.65 0 64 0C87.69 0 108.4 12.87 119.4 32H456.6C467.6 12.87 488.3 0 512 0C547.3 0 576 28.65 576 64C576 87.69 563.1 108.4 544 119.4V392.6C563.1 403.6 576 424.3 576 448C576 483.3 547.3 512 512 512C488.3 512 467.6 499.1 456.6 480H119.4C108.4 499.1 87.69 512 64 512C28.65 512 0 483.3 0 448C0 424.3 12.87 403.6 32 392.6V119.4zM119.4 96C113.8 105.7 105.7 113.8 96 119.4V392.6C105.7 398.2 113.8 406.3 119.4 416H456.6C462.2 406.3 470.3 398.2 480 392.6V119.4C470.3 113.8 462.2 105.7 456.6 96H119.4z\"><\/path><\/svg><\/div><div class=\"uagb-ifb-title-wrap\"><h4 class=\"uagb-ifb-title\">Capacitaciones<\/h4><\/div><p class=\"uagb-ifb-desc\">Tenemos variedad de cursos con temas de actualidad que generan valor y se adaptan a las necesidades del cliente.<\/p><\/div><\/div>\n<\/div>\n\n\n\n<div class=\"wp-block-uagb-container uagb-block-6cc81e9a\">\n<div class=\"wp-block-uagb-info-box uagb-block-c12e59f9 uagb-infobox__content-wrap  uagb-infobox-icon-above-title uagb-infobox-image-valign-top\"><div class=\"uagb-ifb-content\"><div class=\"uagb-ifb-icon-wrap\"><svg xmlns=\"https:\/\/www.w3.org\/2000\/svg\" viewBox=\"0 0 512 512\"><path d=\"M511.6 36.86l-64 415.1c-1.5 9.734-7.375 18.22-15.97 23.05c-4.844 2.719-10.27 4.097-15.68 4.097c-4.188 0-8.319-.8154-12.29-2.472l-122.6-51.1l-50.86 76.29C226.3 508.5 219.8 512 212.8 512C201.3 512 192 502.7 192 491.2v-96.18c0-7.115 2.372-14.03 6.742-19.64L416 96l-293.7 264.3L19.69 317.5C8.438 312.8 .8125 302.2 .0625 289.1s5.469-23.72 16.06-29.77l448-255.1c10.69-6.109 23.88-5.547 34 1.406S513.5 24.72 511.6 36.86z\"><\/path><\/svg><\/div><div class=\"uagb-ifb-title-wrap\"><h4 class=\"uagb-ifb-title\">Transformaci\u00f3n digital\u200b\u200b<\/h4><\/div><p class=\"uagb-ifb-desc\">Innova y transforma tu empresa aplicando capacidades digitales para tus procesos, productos y servicios y mejora la eficiencia y crea valor para el cliente. <\/p><\/div><\/div>\n<\/div>\n<\/div>\n\n\n\n<div class=\"wp-block-uagb-container uagb-block-dedfa523\">\n<div class=\"wp-block-uagb-container uagb-block-7d2fd8a2\">\n<div class=\"wp-block-uagb-info-box uagb-block-994d74b1 uagb-infobox__content-wrap  uagb-infobox-icon-above-title uagb-infobox-image-valign-top\"><div class=\"uagb-ifb-content\"><div class=\"uagb-ifb-icon-wrap\"><svg xmlns=\"https:\/\/www.w3.org\/2000\/svg\" viewBox=\"0 0 384 512\"><path d=\"M112.1 454.3c0 6.297 1.816 12.44 5.284 17.69l17.14 25.69c5.25 7.875 17.17 14.28 26.64 14.28h61.67c9.438 0 21.36-6.401 26.61-14.28l17.08-25.68c2.938-4.438 5.348-12.37 5.348-17.7L272 415.1h-160L112.1 454.3zM191.4 .0132C89.44 .3257 16 82.97 16 175.1c0 44.38 16.44 84.84 43.56 115.8c16.53 18.84 42.34 58.23 52.22 91.45c.0313 .25 .0938 .5166 .125 .7823h160.2c.0313-.2656 .0938-.5166 .125-.7823c9.875-33.22 35.69-72.61 52.22-91.45C351.6 260.8 368 220.4 368 175.1C368 78.61 288.9-.2837 191.4 .0132zM192 96.01c-44.13 0-80 35.89-80 79.1C112 184.8 104.8 192 96 192S80 184.8 80 176c0-61.76 50.25-111.1 112-111.1c8.844 0 16 7.159 16 16S200.8 96.01 192 96.01z\"><\/path><\/svg><\/div><div class=\"uagb-ifb-title-wrap\"><h4 class=\"uagb-ifb-title\"><strong><strong>Direcci\u00f3n estrat\u00e9gica\u200b<\/strong>\u200b<\/strong><\/h4><\/div><p class=\"uagb-ifb-desc\">Brindamos el servicio de asesoramiento estrat\u00e9gico para ayudarte a tomar las mejores decisiones para encaminar a tu empresa a un futuro deseado.<br><\/p><\/div><\/div>\n<\/div>\n\n\n\n<div class=\"wp-block-uagb-container uagb-block-5e83ad07\">\n<div class=\"wp-block-uagb-info-box uagb-block-c9c5d9fb uagb-infobox__content-wrap  uagb-infobox-icon-above-title uagb-infobox-image-valign-top\"><div class=\"uagb-ifb-content\"><div class=\"uagb-ifb-icon-wrap\"><svg xmlns=\"https:\/\/www.w3.org\/2000\/svg\" viewBox=\"0 0 576 512\"><path d=\"M96 304.1c0-12.16 4.971-23.83 13.64-32.01l72.13-68.08c1.65-1.555 3.773-2.311 5.611-3.578C177.1 176.8 155 160 128 160H64C28.65 160 0 188.7 0 224v96c0 17.67 14.33 32 31.1 32L32 480c0 17.67 14.33 32 32 32h64c17.67 0 32-14.33 32-32v-96.39l-50.36-47.53C100.1 327.9 96 316.2 96 304.1zM480 128c35.38 0 64-28.62 64-64s-28.62-64-64-64s-64 28.62-64 64S444.6 128 480 128zM96 128c35.38 0 64-28.62 64-64S131.4 0 96 0S32 28.62 32 64S60.63 128 96 128zM444.4 295.3L372.3 227.3c-3.49-3.293-8.607-4.193-13.01-2.299C354.9 226.9 352 231.2 352 236V272H224V236c0-4.795-2.857-9.133-7.262-11.03C212.3 223.1 207.2 223.1 203.7 227.3L131.6 295.3c-4.805 4.535-4.805 12.94 0 17.47l72.12 68.07c3.49 3.291 8.607 4.191 13.01 2.297C221.1 381.3 224 376.9 224 372.1V336h128v36.14c0 4.795 2.857 9.135 7.262 11.04c4.406 1.893 9.523 .9922 13.01-2.299l72.12-68.07C449.2 308.3 449.2 299.9 444.4 295.3zM512 160h-64c-26.1 0-49.98 16.77-59.38 40.42c1.842 1.271 3.969 2.027 5.623 3.588l72.12 68.06C475 280.2 480 291.9 480 304.1c.002 12.16-4.969 23.83-13.64 32.01L416 383.6V480c0 17.67 14.33 32 32 32h64c17.67 0 32-14.33 32-32v-128c17.67 0 32-14.33 32-32V224C576 188.7 547.3 160 512 160z\"><\/path><\/svg><\/div><div class=\"uagb-ifb-title-wrap\"><h4 class=\"uagb-ifb-title\">Asesor\u00eda acad\u00e9mica<\/h4><\/div><p class=\"uagb-ifb-desc\">Desde tesis de grado hasta trabajos de fin de m\u00e1ster, nuestro equipo de expertos est\u00e1 aqu\u00ed para guiarte en cada paso del proceso.<br><\/p><\/div><\/div>\n<\/div>\n\n\n\n<div class=\"wp-block-uagb-container uagb-block-f5afe3ca\">\n<div class=\"wp-block-uagb-info-box uagb-block-f0b7dbb6 uagb-infobox__content-wrap  uagb-infobox-icon-above-title uagb-infobox-image-valign-top\"><div class=\"uagb-ifb-content\"><div class=\"uagb-ifb-icon-wrap\"><svg xmlns=\"https:\/\/www.w3.org\/2000\/svg\" viewBox=\"0 0 512 512\"><path d=\"M18.92 351.2l108.5-46.52c12.78-5.531 27.77-1.801 36.45 8.98l44.09 53.82c69.25-34 125.5-90.31 159.5-159.5l-53.81-44.04c-10.75-8.781-14.41-23.69-8.974-36.47l46.51-108.5c6.094-13.91 21.1-21.52 35.79-18.11l100.8 23.25c14.25 3.25 24.22 15.8 24.22 30.46c0 252.3-205.2 457.5-457.5 457.5c-14.67 0-27.18-9.968-30.45-24.22l-23.25-100.8C-2.571 372.4 5.018 357.2 18.92 351.2z\"><\/path><\/svg><\/div><div class=\"uagb-ifb-title-wrap\"><h4 class=\"uagb-ifb-title\">Ayuda y Soporte\u200b\u200b<\/h4><\/div><p class=\"uagb-ifb-desc\">Estamos listos para ayudarte. Comun\u00edcate con nosotros para aclarar tus dudas e inquietudes.<\/p><\/div><\/div>\n<\/div>\n<\/div>\n<\/div><\/div>\n\n\n\n<div class=\"wp-block-uagb-container uagb-block-42d7b1af alignfull uagb-is-root-container\"><div class=\"uagb-container-inner-blocks-wrap\">\n<div class=\"wp-block-uagb-advanced-heading uagb-block-b8cbba91\"><h2 class=\"uagb-heading-text\">Nuestros clientes<\/h2><p class=\"uagb-desc-text\">Nos sentimos orgullosos de satisfacer a nuestros clientes y estamos agradecidos por la confianza brindada a nuestra empresa<\/p><\/div>\n<\/div><\/div>\n\n\n\n<div class=\"wp-block-uagb-container uagb-block-1948ea8e alignfull uagb-is-root-container\"><div class=\"uagb-container-inner-blocks-wrap\">\n<div class=\"wp-block-uagb-container uagb-block-9704520d\">\n<div class=\"wp-block-uagb-image aligncenter uagb-block-c051cded wp-block-uagb-image--layout-default wp-block-uagb-image--effect-static wp-block-uagb-image--align-center\"><figure class=\"wp-block-uagb-image__figure\"><img decoding=\"async\" srcset=\"http:\/\/elearnika.com\/wp-content\/uploads\/2022\/09\/logo-vertical-1024x853.png , http:\/\/elearnika.com\/wp-content\/uploads\/2021\/03\/logo-5.svg 360w\" sizes=\"(max-width: 480px) 150px\" src=\"http:\/\/elearnika.com\/wp-content\/uploads\/2022\/09\/logo-vertical-1024x853.png\" alt=\"\" class=\"uag-image-2439\" width=\"197\" height=\"163\" title=\"\" loading=\"lazy\"\/><\/figure><\/div>\n<\/div>\n\n\n\n<div class=\"wp-block-uagb-container uagb-block-7acc9084\">\n<div class=\"wp-block-uagb-image aligncenter uagb-block-b4744ff6 wp-block-uagb-image--layout-default wp-block-uagb-image--effect-static wp-block-uagb-image--align-center\"><figure class=\"wp-block-uagb-image__figure\"><img decoding=\"async\" srcset=\"http:\/\/elearnika.com\/wp-content\/uploads\/2022\/09\/Chocofriz-Sin-Fondo-1024x493.png , http:\/\/elearnika.com\/wp-content\/uploads\/2021\/03\/logo-3.svg 360w\" sizes=\"(max-width: 480px) 150px\" src=\"http:\/\/elearnika.com\/wp-content\/uploads\/2022\/09\/Chocofriz-Sin-Fondo-1024x493.png\" alt=\"\" class=\"uag-image-2440\" width=\"1024\" height=\"493\" title=\"\" loading=\"lazy\"\/><\/figure><\/div>\n<\/div>\n\n\n\n<div class=\"wp-block-uagb-container uagb-block-5c137e2d\">\n<div class=\"wp-block-uagb-image aligncenter uagb-block-403ecc38 wp-block-uagb-image--layout-default wp-block-uagb-image--effect-static wp-block-uagb-image--align-center\"><figure class=\"wp-block-uagb-image__figure\"><img decoding=\"async\" srcset=\"http:\/\/elearnika.com\/wp-content\/uploads\/2022\/09\/LOGO-DELTA-JPG-TARJETA.jpg , http:\/\/elearnika.com\/wp-content\/uploads\/2021\/03\/logo-4.svg 360w\" sizes=\"(max-width: 480px) 150px\" src=\"http:\/\/elearnika.com\/wp-content\/uploads\/2022\/09\/LOGO-DELTA-JPG-TARJETA.jpg\" alt=\"\" class=\"uag-image-2441\" width=\"163\" height=\"152\" title=\"\" loading=\"lazy\"\/><\/figure><\/div>\n<\/div>\n\n\n\n<div class=\"wp-block-uagb-container uagb-block-cb516dae\">\n<div class=\"wp-block-uagb-image aligncenter uagb-block-9ad5ae78 wp-block-uagb-image--layout-default wp-block-uagb-image--effect-static wp-block-uagb-image--align-center\"><figure class=\"wp-block-uagb-image__figure\"><img decoding=\"async\" srcset=\"http:\/\/elearnika.com\/wp-content\/uploads\/2022\/09\/LOGO-privanorte2-1024x988.png , http:\/\/elearnika.com\/wp-content\/uploads\/2021\/03\/logo-2.svg 360w\" sizes=\"(max-width: 480px) 150px\" src=\"http:\/\/elearnika.com\/wp-content\/uploads\/2022\/09\/LOGO-privanorte2-1024x988.png\" alt=\"\" class=\"uag-image-2442\" width=\"162\" height=\"156\" title=\"\" loading=\"lazy\"\/><\/figure><\/div>\n<\/div>\n<\/div><\/div>\n\n\n\n<div class=\"wp-block-uagb-container uagb-block-571924b3 alignfull uagb-is-root-container\"><div class=\"uagb-container-inner-blocks-wrap\">\n<div class=\"wp-block-uagb-advanced-heading uagb-block-9c3e41cd\"><h3 class=\"uagb-heading-text\">\u00abSigue adelante, no dejes de aprender\u00bb\u200b<\/h3><p class=\"uagb-desc-text\">La manera m\u00e1s eficiente de lograr \u00e9xitos, se encuentra a trav\u00e9s del aprendizaje. No dejes de aprender, porque el futuro seguir\u00e1 siendo el conocimiento que marca diferencias.<\/p><\/div>\n\n\n\n<div class=\"wp-block-uagb-info-box uagb-block-0caa8812 uagb-infobox__content-wrap  uagb-infobox-icon-above-title uagb-infobox-image-valign-top\"><div class=\"uagb-ifb-content\"><div class=\"uagb-ifb-image-content\"><img decoding=\"async\" src=\"http:\/\/elearnika.com\/wp-content\/uploads\/2022\/10\/MARCELO-YEPEZ-RETRATO-150x150.jpg\" alt=\"\" width=\"60\" height=\"60\" loading=\"lazy\"\/><\/div><div class=\"uagb-ifb-title-wrap\"><h3 class=\"uagb-ifb-title\">Marcelo Y\u00e9pez Safady<\/h3><\/div><p class=\"uagb-ifb-desc\">CMO, eLearnika SCC\u200b<\/p><\/div><\/div>\n<\/div><\/div>\n\n\n\n<div class=\"wp-block-uagb-container uagb-block-e0e68e04 alignfull uagb-is-root-container\"><div class=\"uagb-container-inner-blocks-wrap\">\n<div class=\"wp-block-uagb-container uagb-block-2b32bc83\">\n<div class=\"wp-block-uagb-container uagb-block-50ffe920\">\n<div class=\"wp-block-uagb-advanced-heading uagb-block-308796d9\"><h3 class=\"uagb-heading-text\">\u00bfTe gustar\u00eda iniciar una transformaci\u00f3n digital en tu empresa?<\/h3><p class=\"uagb-desc-text\">Crea una cultura digital y beneficia al talento humano con procesos automatizados. Incrementa la satisfacci\u00f3n del cliente, fomenta la cultura digital y la colaboraci\u00f3n de tu organizaci\u00f3n, vive la experiencia de metodolog\u00edas \u00e1giles que entregan resultados eficientes en tus procesos.<\/p><\/div>\n<\/div>\n\n\n\n<div class=\"wp-block-uagb-container uagb-block-62ceb287\">\n<div class=\"wp-block-uagb-buttons uagb-buttons__outer-wrap uagb-btn__default-btn uagb-btn-tablet__default-btn uagb-btn-mobile__default-btn uagb-block-09d9602e\"><div class=\"uagb-buttons__wrap uagb-buttons-layout-wrap\">\n<div class=\"wp-block-uagb-buttons-child uagb-buttons__outer-wrap uagb-block-15a77797 wp-block-button\"><div class=\"uagb-button__wrapper\"><a class=\"uagb-buttons-repeater wp-block-button__link\" href=\"https:\/\/wa.me\/593980953141\/?text=Bienvenidos\" onclick=\"return true;\" rel=\"follow noopener\" target=\"_self\"><div class=\"uagb-button__link\">(593) 98-095-3141<\/div><\/a><\/div><\/div>\n<\/div><\/div>\n<\/div>\n<\/div>\n<\/div><\/div>\n","protected":false},"excerpt":{"rendered":"<p>\u00bfC\u00f3mo podemos ayudarte?\u200b Cu\u00e9ntanos cuales son tus objetivos de aprendizaje y nosotros te asesoramos para brindarte el mejor servicio Nuestros clientes Nos sentimos orgullosos de satisfacer a nuestros clientes y estamos agradecidos por la confianza brindada a nuestra empresa \u00abSigue adelante, no dejes de aprender\u00bb\u200b La manera m\u00e1s eficiente de lograr \u00e9xitos, se encuentra a &hellip;<\/p>\n<p class=\"read-more\"> <a class=\"\" href=\"https:\/\/elearnika.com\/index.php\/services\/\"> <span class=\"screen-reader-text\">Servicios<\/span> Leer m\u00e1s &raquo;<\/a><\/p>\n","protected":false},"author":1,"featured_media":0,"parent":0,"menu_order":0,"comment_status":"closed","ping_status":"closed","template":"","meta":{"om_disable_all_campaigns":false,"_uag_custom_page_level_css":"","_mi_skip_tracking":false,"_monsterinsights_sitenote_active":false,"_monsterinsights_sitenote_note":"","_monsterinsights_sitenote_category":0,"site-sidebar-layout":"no-sidebar","site-content-layout":"page-builder","ast-site-content-layout":"full-width-container","site-content-style":"unboxed","site-sidebar-style":"unboxed","ast-global-header-display":"","ast-banner-title-visibility":"","ast-main-header-display":"","ast-hfb-above-header-display":"","ast-hfb-below-header-display":"","ast-hfb-mobile-header-display":"","site-post-title":"disabled","ast-breadcrumbs-content":"","ast-featured-img":"disabled","footer-sml-layout":"","theme-transparent-header-meta":"enabled","adv-header-id-meta":"","stick-header-meta":"","header-above-stick-meta":"","header-main-stick-meta":"","header-below-stick-meta":"","astra-migrate-meta-layouts":"set","footnotes":""},"aioseo_notices":[],"uagb_featured_image_src":{"full":false,"thumbnail":false,"medium":false,"medium_large":false,"large":false,"1536x1536":false,"2048x2048":false},"uagb_author_info":{"display_name":"elearnikadigital@gmail.com","author_link":"https:\/\/elearnika.com\/index.php\/author\/elearnikadigitalgmail-com\/"},"uagb_comment_info":0,"uagb_excerpt":"\u00bfC\u00f3mo podemos ayudarte?\u200b Cu\u00e9ntanos cuales son tus objetivos de aprendizaje y nosotros te asesoramos para brindarte el mejor servicio Nuestros clientes Nos sentimos orgullosos de satisfacer a nuestros clientes y estamos agradecidos por la confianza brindada a nuestra empresa \u00abSigue adelante, no dejes de aprender\u00bb\u200b La manera m\u00e1s eficiente de lograr \u00e9xitos, se encuentra a&hellip;","_links":{"self":[{"href":"https:\/\/elearnika.com\/index.php\/wp-json\/wp\/v2\/pages\/1492"}],"collection":[{"href":"https:\/\/elearnika.com\/index.php\/wp-json\/wp\/v2\/pages"}],"about":[{"href":"https:\/\/elearnika.com\/index.php\/wp-json\/wp\/v2\/types\/page"}],"author":[{"embeddable":true,"href":"https:\/\/elearnika.com\/index.php\/wp-json\/wp\/v2\/users\/1"}],"replies":[{"embeddable":true,"href":"https:\/\/elearnika.com\/index.php\/wp-json\/wp\/v2\/comments?post=1492"}],"version-history":[{"count":16,"href":"https:\/\/elearnika.com\/index.php\/wp-json\/wp\/v2\/pages\/1492\/revisions"}],"predecessor-version":[{"id":2631,"href":"https:\/\/elearnika.com\/index.php\/wp-json\/wp\/v2\/pages\/1492\/revisions\/2631"}],"wp:attachment":[{"href":"https:\/\/elearnika.com\/index.php\/wp-json\/wp\/v2\/media?parent=1492"}],"curies":[{"name":"wp","href":"https:\/\/api.w.org\/{rel}","templated":true}]}}