{"id":1494,"date":"2022-03-04T03:44:55","date_gmt":"2022-03-04T03:44:55","guid":{"rendered":"http:\/\/elearnika.com\/index.php\/contact\/"},"modified":"2024-03-24T21:31:14","modified_gmt":"2024-03-24T21:31:14","slug":"contact","status":"publish","type":"page","link":"https:\/\/elearnika.com\/index.php\/contact\/","title":{"rendered":"Contacto"},"content":{"rendered":"\n<div class=\"wp-block-uagb-container uagb-block-48134e0c alignfull uagb-is-root-container\"><div class=\"uagb-container-inner-blocks-wrap\">\n<div class=\"wp-block-uagb-info-box uagb-block-29c0bcdd uagb-infobox__content-wrap  uagb-infobox-icon-above-title uagb-infobox-image-valign-top\"><div class=\"uagb-ifb-content\"><div class=\"uagb-ifb-title-wrap\"><span class=\"uagb-ifb-title-prefix\">Cont\u00e1ctanos<\/span><h4 class=\"uagb-ifb-title\">Cont\u00e1ctanos para brindarte un servicio personalizado\u200b<\/h4><\/div><p class=\"uagb-ifb-desc\">Queremos asesorarte y ofrecerte soluciones empresariales<\/p><\/div><\/div>\n<\/div><\/div>\n\n\n\n<div class=\"wp-block-uagb-container uagb-block-116ec238 alignfull uagb-is-root-container\"><div class=\"uagb-container-inner-blocks-wrap\">\n<div class=\"wp-block-uagb-container uagb-block-19826f12\">\n<div class=\"wp-block-uagb-advanced-heading uagb-block-2734ed37\"><h3 class=\"uagb-heading-text\">Escr\u00edbenos<\/h3><\/div>\n\n\n\n<div class=\"wp-block-uagb-container uagb-block-7acf8c4a\">\n<div class=\"wp-block-uagb-container uagb-block-a3c53caf\"><div class=\"wpforms-container wpforms-block wpforms-block-2f23a5a2-4a35-459d-9a29-3d1529413c64\" id=\"wpforms-4\"><form id=\"wpforms-form-4\" class=\"wpforms-validate wpforms-form\" data-formid=\"4\" method=\"post\" enctype=\"multipart\/form-data\" action=\"\/index.php\/wp-json\/wp\/v2\/pages\/1494\" data-token=\"9e7dce45ec34f1be4f515145bf58d168\"><noscript class=\"wpforms-error-noscript\">Por favor, activa JavaScript en tu navegador para completar este formulario.<\/noscript><div class=\"wpforms-field-container\"><div id=\"wpforms-4-field_0-container\" class=\"wpforms-field wpforms-field-name\" data-field-id=\"0\"><label class=\"wpforms-field-label wpforms-label-hide\" for=\"wpforms-4-field_0\">Nombre <span class=\"wpforms-required-label\">*<\/span><\/label><input type=\"text\" id=\"wpforms-4-field_0\" class=\"wpforms-field-large wpforms-field-required\" name=\"wpforms[fields][0]\" placeholder=\"Tu nombre*\" required><\/div><div id=\"wpforms-4-field_1-container\" class=\"wpforms-field wpforms-field-email\" data-field-id=\"1\"><label class=\"wpforms-field-label wpforms-label-hide\" for=\"wpforms-4-field_1\">Email <span class=\"wpforms-required-label\">*<\/span><\/label><input type=\"email\" id=\"wpforms-4-field_1\" class=\"wpforms-field-large wpforms-field-required\" name=\"wpforms[fields][1]\" placeholder=\"Tu email*\" spellcheck=\"false\" required><\/div><div id=\"wpforms-4-field_2-container\" class=\"wpforms-field wpforms-field-textarea\" data-field-id=\"2\"><label class=\"wpforms-field-label wpforms-label-hide\" for=\"wpforms-4-field_2\">Mensaje <span class=\"wpforms-required-label\">*<\/span><\/label><textarea id=\"wpforms-4-field_2\" class=\"wpforms-field-medium wpforms-field-required\" name=\"wpforms[fields][2]\" placeholder=\"Tu mensaje*\" required><\/textarea><\/div><\/div><!-- .wpforms-field-container --><div class=\"wpforms-field wpforms-field-hp\"><label for=\"wpforms-4-field-hp\" class=\"wpforms-field-label\">Email<\/label><input type=\"text\" name=\"wpforms[hp]\" id=\"wpforms-4-field-hp\" class=\"wpforms-field-medium\"><\/div><div class=\"wpforms-submit-container\" ><input type=\"hidden\" name=\"wpforms[id]\" value=\"4\"><input type=\"hidden\" name=\"wpforms[author]\" value=\"1\"><button type=\"submit\" name=\"wpforms[submit]\" id=\"wpforms-submit-4\" class=\"wpforms-submit\" data-alt-text=\"Enviando...\" data-submit-text=\"Enviar\" aria-live=\"assertive\" value=\"wpforms-submit\">Enviar<\/button><\/div><\/form><\/div>  <!-- .wpforms-container --><\/div>\n\n\n\n<div class=\"wp-block-uagb-container uagb-block-05a7826b\"><\/div>\n<\/div>\n<\/div>\n\n\n\n<div class=\"wp-block-uagb-container uagb-block-d3d8ca5f\">\n<div class=\"wp-block-uagb-advanced-heading uagb-block-1e48cd2f\"><h3 class=\"uagb-heading-text\">Horario de atenci\u00f3n<\/h3><p class=\"uagb-desc-text\"><strong>Atenci\u00f3n: Lunes a Viernes<\/strong><br>Horario: 09:00 a 18:00<\/p><\/div>\n\n\n\n<div class=\"wp-block-uagb-info-box uagb-block-0fb7930d uagb-infobox__content-wrap  uagb-infobox-icon-left uagb-infobox-left uagb-infobox-image-valign-middle\"><div class=\"uagb-ifb-icon-wrap\"><svg xmlns=\"https:\/\/www.w3.org\/2000\/svg\" viewBox=\"0 0 384 512\"><path d=\"M168.3 499.2C116.1 435 0 279.4 0 192C0 85.96 85.96 0 192 0C298 0 384 85.96 384 192C384 279.4 267 435 215.7 499.2C203.4 514.5 180.6 514.5 168.3 499.2H168.3zM192 256C227.3 256 256 227.3 256 192C256 156.7 227.3 128 192 128C156.7 128 128 156.7 128 192C128 227.3 156.7 256 192 256z\"><\/path><\/svg><\/div><div class=\"uagb-ifb-content\"><div class=\"uagb-ifb-title-wrap\"><\/div><p class=\"uagb-ifb-desc\">Calle Tulc\u00e1n y 13 de abril, Anillo vial, Conjunto Sara\u00ed, Ibarra, CP 100105, EC\u200b\u200b<\/p><\/div><\/div>\n\n\n\n<div class=\"wp-block-uagb-info-box uagb-block-a699480c uagb-infobox__content-wrap  uagb-infobox-icon-left uagb-infobox-left uagb-infobox-image-valign-middle\"><div class=\"uagb-ifb-icon-wrap\"><svg xmlns=\"https:\/\/www.w3.org\/2000\/svg\" viewBox=\"0 0 512 512\"><path d=\"M464 64C490.5 64 512 85.49 512 112C512 127.1 504.9 141.3 492.8 150.4L275.2 313.6C263.8 322.1 248.2 322.1 236.8 313.6L19.2 150.4C7.113 141.3 0 127.1 0 112C0 85.49 21.49 64 48 64H464zM217.6 339.2C240.4 356.3 271.6 356.3 294.4 339.2L512 176V384C512 419.3 483.3 448 448 448H64C28.65 448 0 419.3 0 384V176L217.6 339.2z\"><\/path><\/svg><\/div><div class=\"uagb-ifb-content\"><div class=\"uagb-ifb-title-wrap\"><\/div><p class=\"uagb-ifb-desc\">administracion@elearnika.com\u200b\u200b<\/p><\/div><\/div>\n\n\n\n<div class=\"wp-block-uagb-advanced-heading uagb-block-c455f06e\"><h6 class=\"uagb-heading-text\">Ll\u00e1manos:<\/h6><p class=\"uagb-desc-text\">(593) 98-095-3141<\/p><\/div>\n<\/div>\n<\/div><\/div>\n\n\n\n<div class=\"wp-block-uagb-container uagb-block-ca358a62 alignfull uagb-is-root-container\"><div class=\"uagb-container-inner-blocks-wrap\"><\/div><\/div>\n","protected":false},"excerpt":{"rendered":"<p>Escr\u00edbenos Horario de atenci\u00f3n Atenci\u00f3n: Lunes a ViernesHorario: 09:00 a 18:00 Ll\u00e1manos: (593) 98-095-3141<\/p>\n","protected":false},"author":1,"featured_media":0,"parent":0,"menu_order":0,"comment_status":"closed","ping_status":"closed","template":"","meta":{"om_disable_all_campaigns":false,"_uag_custom_page_level_css":"","_mi_skip_tracking":false,"_monsterinsights_sitenote_active":false,"_monsterinsights_sitenote_note":"","_monsterinsights_sitenote_category":0,"site-sidebar-layout":"no-sidebar","site-content-layout":"page-builder","ast-site-content-layout":"full-width-container","site-content-style":"unboxed","site-sidebar-style":"unboxed","ast-global-header-display":"","ast-banner-title-visibility":"","ast-main-header-display":"","ast-hfb-above-header-display":"","ast-hfb-below-header-display":"","ast-hfb-mobile-header-display":"","site-post-title":"disabled","ast-breadcrumbs-content":"","ast-featured-img":"disabled","footer-sml-layout":"","theme-transparent-header-meta":"enabled","adv-header-id-meta":"","stick-header-meta":"","header-above-stick-meta":"","header-main-stick-meta":"","header-below-stick-meta":"","astra-migrate-meta-layouts":"set","footnotes":""},"aioseo_notices":[],"uagb_featured_image_src":{"full":false,"thumbnail":false,"medium":false,"medium_large":false,"large":false,"1536x1536":false,"2048x2048":false},"uagb_author_info":{"display_name":"elearnikadigital@gmail.com","author_link":"https:\/\/elearnika.com\/index.php\/author\/elearnikadigitalgmail-com\/"},"uagb_comment_info":0,"uagb_excerpt":"Escr\u00edbenos Horario de atenci\u00f3n Atenci\u00f3n: Lunes a ViernesHorario: 09:00 a 18:00 Ll\u00e1manos: (593) 98-095-3141","_links":{"self":[{"href":"https:\/\/elearnika.com\/index.php\/wp-json\/wp\/v2\/pages\/1494"}],"collection":[{"href":"https:\/\/elearnika.com\/index.php\/wp-json\/wp\/v2\/pages"}],"about":[{"href":"https:\/\/elearnika.com\/index.php\/wp-json\/wp\/v2\/types\/page"}],"author":[{"embeddable":true,"href":"https:\/\/elearnika.com\/index.php\/wp-json\/wp\/v2\/users\/1"}],"replies":[{"embeddable":true,"href":"https:\/\/elearnika.com\/index.php\/wp-json\/wp\/v2\/comments?post=1494"}],"version-history":[{"count":13,"href":"https:\/\/elearnika.com\/index.php\/wp-json\/wp\/v2\/pages\/1494\/revisions"}],"predecessor-version":[{"id":2599,"href":"https:\/\/elearnika.com\/index.php\/wp-json\/wp\/v2\/pages\/1494\/revisions\/2599"}],"wp:attachment":[{"href":"https:\/\/elearnika.com\/index.php\/wp-json\/wp\/v2\/media?parent=1494"}],"curies":[{"name":"wp","href":"https:\/\/api.w.org\/{rel}","templated":true}]}}